{"id":30190,"date":"2024-09-15T12:11:11","date_gmt":"2024-09-15T10:11:11","guid":{"rendered":"https:\/\/bgconcept.ch\/kontakt\/"},"modified":"2024-12-05T12:32:42","modified_gmt":"2024-12-05T11:32:42","slug":"kontakt","status":"publish","type":"page","link":"https:\/\/bgconcept.ch\/de\/kontakt\/","title":{"rendered":"Kontakt"},"content":{"rendered":"\t\t<div data-elementor-type=\"wp-page\" data-elementor-id=\"30190\" class=\"elementor elementor-30190 elementor-28860\" data-elementor-post-type=\"page\">\n\t\t\t\t<div class=\"elementor-element elementor-element-3c0548b e-flex e-con-boxed e-con e-parent\" data-id=\"3c0548b\" data-element_type=\"container\" data-e-type=\"container\" data-settings=\"{&quot;background_background&quot;:&quot;classic&quot;,&quot;shape_divider_bottom&quot;:&quot;tilt&quot;}\">\n\t\t\t\t\t<div class=\"e-con-inner\">\n\t\t\t\t<div class=\"elementor-shape elementor-shape-bottom\" aria-hidden=\"true\" data-negative=\"false\">\n\t\t\t<svg xmlns=\"http:\/\/www.w3.org\/2000\/svg\" viewBox=\"0 0 1000 100\" preserveAspectRatio=\"none\">\n\t<path class=\"elementor-shape-fill\" d=\"M0,6V0h1000v100L0,6z\"\/>\n<\/svg>\t\t<\/div>\n\t\t\t\t<div class=\"elementor-element elementor-element-263bcb2 e-transform elementor-widget__width-initial elementor-align-center elementor-widget elementor-widget-lottie\" data-id=\"263bcb2\" data-element_type=\"widget\" data-e-type=\"widget\" data-settings=\"{&quot;source_json&quot;:{&quot;url&quot;:&quot;https:\\\/\\\/bgconcept.ch\\\/wp-content\\\/uploads\\\/2024\\\/09\\\/arrow-lottie-white.json&quot;,&quot;id&quot;:28976,&quot;size&quot;:&quot;&quot;,&quot;alt&quot;:&quot;&quot;,&quot;source&quot;:&quot;library&quot;},&quot;link_to&quot;:&quot;custom&quot;,&quot;play_speed&quot;:{&quot;unit&quot;:&quot;px&quot;,&quot;size&quot;:1.5,&quot;sizes&quot;:[]},&quot;custom_link&quot;:{&quot;url&quot;:&quot;#intro&quot;,&quot;is_external&quot;:&quot;&quot;,&quot;nofollow&quot;:&quot;&quot;,&quot;custom_attributes&quot;:&quot;&quot;},&quot;loop&quot;:&quot;yes&quot;,&quot;_transform_rotateZ_effect&quot;:{&quot;unit&quot;:&quot;px&quot;,&quot;size&quot;:90,&quot;sizes&quot;:[]},&quot;source&quot;:&quot;media_file&quot;,&quot;caption_source&quot;:&quot;none&quot;,&quot;trigger&quot;:&quot;arriving_to_viewport&quot;,&quot;viewport&quot;:{&quot;unit&quot;:&quot;%&quot;,&quot;size&quot;:&quot;&quot;,&quot;sizes&quot;:{&quot;start&quot;:0,&quot;end&quot;:100}},&quot;start_point&quot;:{&quot;unit&quot;:&quot;%&quot;,&quot;size&quot;:0,&quot;sizes&quot;:[]},&quot;end_point&quot;:{&quot;unit&quot;:&quot;%&quot;,&quot;size&quot;:100,&quot;sizes&quot;:[]},&quot;renderer&quot;:&quot;svg&quot;,&quot;_transform_rotateZ_effect_laptop&quot;:{&quot;unit&quot;:&quot;deg&quot;,&quot;size&quot;:&quot;&quot;,&quot;sizes&quot;:[]},&quot;_transform_rotateZ_effect_tablet&quot;:{&quot;unit&quot;:&quot;deg&quot;,&quot;size&quot;:&quot;&quot;,&quot;sizes&quot;:[]},&quot;_transform_rotateZ_effect_mobile&quot;:{&quot;unit&quot;:&quot;deg&quot;,&quot;size&quot;:&quot;&quot;,&quot;sizes&quot;:[]}}\" data-widget_type=\"lottie.default\">\n\t\t\t\t<div class=\"elementor-widget-container\">\n\t\t\t\t\t<a class=\"e-lottie__container__link\" href=\"#intro\"><div class=\"e-lottie__container\"><div class=\"e-lottie__animation\"><\/div><\/div><\/a>\t\t\t\t<\/div>\n\t\t\t\t<\/div>\n\t\t\t\t\t<\/div>\n\t\t\t\t<\/div>\n\t\t<div class=\"elementor-element elementor-element-df65921 e-flex e-con-boxed e-con e-parent\" data-id=\"df65921\" data-element_type=\"container\" data-e-type=\"container\" id=\"intro\">\n\t\t\t\t\t<div class=\"e-con-inner\">\n\t\t<div class=\"elementor-element elementor-element-4b080e7 e-con-full e-flex e-con e-child\" data-id=\"4b080e7\" data-element_type=\"container\" data-e-type=\"container\">\n\t\t\t\t<div class=\"elementor-element elementor-element-da63629 dm-heading elementor-widget__width-inherit elementor-invisible elementor-widget elementor-widget-heading\" data-id=\"da63629\" data-element_type=\"widget\" data-e-type=\"widget\" data-settings=\"{&quot;_animation&quot;:&quot;fadeInUp&quot;}\" data-widget_type=\"heading.default\">\n\t\t\t\t<div class=\"elementor-widget-container\">\n\t\t\t\t\t<p class=\"elementor-heading-title elementor-size-default\">W\u00fcnschen Sie weitere Informationen?<\/p>\t\t\t\t<\/div>\n\t\t\t\t<\/div>\n\t\t\t\t<div class=\"elementor-element elementor-element-50f9498 text-anim elementor-widget__width-initial elementor-widget elementor-widget-text-editor\" data-id=\"50f9498\" data-element_type=\"widget\" data-e-type=\"widget\" data-widget_type=\"text-editor.default\">\n\t\t\t\t<div class=\"elementor-widget-container\">\n\t\t\t\t\t\t\t\t\t<p>Z\u00f6gern Sie nicht, uns zu kontaktieren, wir beraten Sie gerne.<\/p>\n\t\t\t\t\t\t\t\t<\/div>\n\t\t\t\t<\/div>\n\t\t\t\t<div class=\"elementor-element elementor-element-a8acd4a elementor-align-start elementor-mobile-align-start elementor-icon-list--layout-traditional elementor-list-item-link-full_width elementor-widget elementor-widget-icon-list\" data-id=\"a8acd4a\" data-element_type=\"widget\" data-e-type=\"widget\" data-widget_type=\"icon-list.default\">\n\t\t\t\t<div class=\"elementor-widget-container\">\n\t\t\t\t\t\t\t<ul class=\"elementor-icon-list-items\">\n\t\t\t\t\t\t\t<li class=\"elementor-icon-list-item\">\n\t\t\t\t\t\t\t\t\t\t\t<a href=\"tel:0041797497145\">\n\n\t\t\t\t\t\t\t\t\t\t\t\t<span class=\"elementor-icon-list-icon\">\n\t\t\t\t\t\t\t<i aria-hidden=\"true\" class=\"fas fa-phone-alt\"><\/i>\t\t\t\t\t\t<\/span>\n\t\t\t\t\t\t\t\t\t\t<span class=\"elementor-icon-list-text\">+41 (0)79 749 71 45<\/span>\n\t\t\t\t\t\t\t\t\t\t\t<\/a>\n\t\t\t\t\t\t\t\t\t<\/li>\n\t\t\t\t\t\t\t\t<li class=\"elementor-icon-list-item\">\n\t\t\t\t\t\t\t\t\t\t\t<a href=\"tel:0041793322106\">\n\n\t\t\t\t\t\t\t\t\t\t\t\t<span class=\"elementor-icon-list-icon\">\n\t\t\t\t\t\t\t<i aria-hidden=\"true\" class=\"fas fa-phone-alt\"><\/i>\t\t\t\t\t\t<\/span>\n\t\t\t\t\t\t\t\t\t\t<span class=\"elementor-icon-list-text\">+41 (0)79 332 21 06<\/span>\n\t\t\t\t\t\t\t\t\t\t\t<\/a>\n\t\t\t\t\t\t\t\t\t<\/li>\n\t\t\t\t\t\t\t\t<li class=\"elementor-icon-list-item\">\n\t\t\t\t\t\t\t\t\t\t\t<a href=\"mailto:in**@*******pt.ch\" data-original-string=\"kzjd9bU37WDFAjxSOXP\/zA==0aeKk9HRtOtYtsYZRzC6b9sZXloztmwhOwEsyhQ12PYkLc=\" title=\"Dieser Kontakt wurde von Anti-Spam by CleanTalk verschl\u00fcsselt. Klicken Sie hier, um ihn zu entschl\u00fcsseln. Um die Entschl\u00fcsselung abzuschlie\u00dfen, stellen Sie sicher, dass JavaScript in Ihrem Browser aktiviert ist.\">\n\n\t\t\t\t\t\t\t\t\t\t\t\t<span class=\"elementor-icon-list-icon\">\n\t\t\t\t\t\t\t<i aria-hidden=\"true\" class=\"fas fa-envelope\"><\/i>\t\t\t\t\t\t<\/span>\n\t\t\t\t\t\t\t\t\t\t<span class=\"elementor-icon-list-text\"><span \n                data-original-string='RM5H3Qb4V08kqE1mGhu2Lg==0aeXCnUL\/X1KjXy4jjsc4g1WUqNVaJ2JwKaUsH3PUMAl0E='\n                class='apbct-email-encoder'\n                title='Dieser Kontakt wurde von Anti-Spam by CleanTalk verschl\u00fcsselt. Klicken Sie hier, um ihn zu entschl\u00fcsseln. Um die Entschl\u00fcsselung abzuschlie\u00dfen, stellen Sie sicher, dass JavaScript in Ihrem Browser aktiviert ist.'>in<span class=\"apbct-blur\">**<\/span>@<span class=\"apbct-blur\">*******<\/span>pt.ch<\/span><\/span>\n\t\t\t\t\t\t\t\t\t\t\t<\/a>\n\t\t\t\t\t\t\t\t\t<\/li>\n\t\t\t\t\t\t\t\t<li class=\"elementor-icon-list-item\">\n\t\t\t\t\t\t\t\t\t\t\t<a href=\"https:\/\/maps.app.goo.gl\/T6epUN4qzP4a2C7b7\" target=\"_blank\">\n\n\t\t\t\t\t\t\t\t\t\t\t\t<span class=\"elementor-icon-list-icon\">\n\t\t\t\t\t\t\t<i aria-hidden=\"true\" class=\"fas fa-map-marker-alt\"><\/i>\t\t\t\t\t\t<\/span>\n\t\t\t\t\t\t\t\t\t\t<span class=\"elementor-icon-list-text\">Route du Canal 16 <br>1347 Le Sentier<\/span>\n\t\t\t\t\t\t\t\t\t\t\t<\/a>\n\t\t\t\t\t\t\t\t\t<\/li>\n\t\t\t\t\t\t\t\t<li class=\"elementor-icon-list-item\">\n\t\t\t\t\t\t\t\t\t\t\t<a href=\"https:\/\/www.linkedin.com\/company\/bg-concept-s%C3%A0rl\/\" target=\"_blank\">\n\n\t\t\t\t\t\t\t\t\t\t\t\t<span class=\"elementor-icon-list-icon\">\n\t\t\t\t\t\t\t<i aria-hidden=\"true\" class=\"fab fa-linkedin-in\"><\/i>\t\t\t\t\t\t<\/span>\n\t\t\t\t\t\t\t\t\t\t<span class=\"elementor-icon-list-text\">LinkedIn<\/span>\n\t\t\t\t\t\t\t\t\t\t\t<\/a>\n\t\t\t\t\t\t\t\t\t<\/li>\n\t\t\t\t\t\t<\/ul>\n\t\t\t\t\t\t<\/div>\n\t\t\t\t<\/div>\n\t\t\t\t<\/div>\n\t\t<div class=\"elementor-element elementor-element-b4b6816 e-con-full e-flex e-con e-child\" data-id=\"b4b6816\" data-element_type=\"container\" data-e-type=\"container\" data-settings=\"{&quot;background_background&quot;:&quot;classic&quot;}\">\n\t\t\t\t<div class=\"elementor-element elementor-element-b1def6f elementor-button-align-start elementor-widget__width-inherit elementor-widget elementor-widget-form\" data-id=\"b1def6f\" data-element_type=\"widget\" data-e-type=\"widget\" data-settings=\"{&quot;step_next_label&quot;:&quot;Next&quot;,&quot;step_previous_label&quot;:&quot;Previous&quot;,&quot;button_width&quot;:&quot;33&quot;,&quot;step_type&quot;:&quot;number_text&quot;,&quot;step_icon_shape&quot;:&quot;circle&quot;}\" data-widget_type=\"form.default\">\n\t\t\t\t<div class=\"elementor-widget-container\">\n\t\t\t\t\t\t\t<form class=\"elementor-form\" method=\"post\" name=\"Popup-Formular\" aria-label=\"Popup-Formular\">\n\t\t\t<input type=\"hidden\" name=\"post_id\" value=\"30190\"\/>\n\t\t\t<input type=\"hidden\" name=\"form_id\" value=\"b1def6f\"\/>\n\t\t\t<input type=\"hidden\" name=\"referer_title\" value=\"Kontakt | BG Concept S\u00e0rl\" \/>\n\n\t\t\t\t\t\t\t<input type=\"hidden\" name=\"queried_id\" value=\"30190\"\/>\n\t\t\t\n\t\t\t<div class=\"elementor-form-fields-wrapper elementor-labels-above\">\n\t\t\t\t\t\t\t\t<div class=\"elementor-field-type-text elementor-field-group elementor-column elementor-field-group-field_9654bab elementor-col-50 elementor-field-required elementor-mark-required\">\n\t\t\t\t\t\t\t\t\t\t\t\t<label for=\"form-field-field_9654bab\" class=\"elementor-field-label\">\n\t\t\t\t\t\t\t\tName des Unternehmens\t\t\t\t\t\t\t<\/label>\n\t\t\t\t\t\t\t\t\t\t\t\t\t\t<input size=\"1\" type=\"text\" name=\"form_fields[field_9654bab]\" id=\"form-field-field_9654bab\" class=\"elementor-field elementor-size-sm  elementor-field-textual\" required=\"required\">\n\t\t\t\t\t\t\t\t\t\t\t<\/div>\n\t\t\t\t\t\t\t\t<div class=\"elementor-field-type-text elementor-field-group elementor-column elementor-field-group-field_c7cd889 elementor-col-50 elementor-field-required elementor-mark-required\">\n\t\t\t\t\t\t\t\t\t\t\t\t<label for=\"form-field-field_c7cd889\" class=\"elementor-field-label\">\n\t\t\t\t\t\t\t\tName und Vorname\t\t\t\t\t\t\t<\/label>\n\t\t\t\t\t\t\t\t\t\t\t\t\t\t<input size=\"1\" type=\"text\" name=\"form_fields[field_c7cd889]\" id=\"form-field-field_c7cd889\" class=\"elementor-field elementor-size-sm  elementor-field-textual\" required=\"required\">\n\t\t\t\t\t\t\t\t\t\t\t<\/div>\n\t\t\t\t\t\t\t\t<div class=\"elementor-field-type-email elementor-field-group elementor-column elementor-field-group-field_3f5949c elementor-col-50 elementor-field-required elementor-mark-required\">\n\t\t\t\t\t\t\t\t\t\t\t\t<label for=\"form-field-field_3f5949c\" class=\"elementor-field-label\">\n\t\t\t\t\t\t\t\tE-Mail\t\t\t\t\t\t\t<\/label>\n\t\t\t\t\t\t\t\t\t\t\t\t\t\t<input size=\"1\" type=\"email\" name=\"form_fields[field_3f5949c]\" id=\"form-field-field_3f5949c\" class=\"elementor-field elementor-size-sm  elementor-field-textual\" required=\"required\">\n\t\t\t\t\t\t\t\t\t\t\t<\/div>\n\t\t\t\t\t\t\t\t<div class=\"elementor-field-type-tel elementor-field-group elementor-column elementor-field-group-email elementor-col-50\">\n\t\t\t\t\t\t\t\t\t\t\t\t<label for=\"form-field-email\" class=\"elementor-field-label\">\n\t\t\t\t\t\t\t\tTelefon *\t\t\t\t\t\t\t<\/label>\n\t\t\t\t\t\t\t\t<input size=\"1\" type=\"tel\" name=\"form_fields[email]\" id=\"form-field-email\" class=\"elementor-field elementor-size-sm  elementor-field-textual\" pattern=\"[0-9()#&amp;+*-=.]+\" title=\"Nur Nummern oder Telefon-Zeichen (#, -, *, etc) werden akzeptiert.\">\n\n\t\t\t\t\t\t<\/div>\n\t\t\t\t\t\t\t\t<div class=\"elementor-field-type-textarea elementor-field-group elementor-column elementor-field-group-field_f5dcb85 elementor-col-100\">\n\t\t\t\t\t\t\t\t\t\t\t\t<label for=\"form-field-field_f5dcb85\" class=\"elementor-field-label\">\n\t\t\t\t\t\t\t\tNachricht\t\t\t\t\t\t\t<\/label>\n\t\t\t\t\t\t<textarea class=\"elementor-field-textual elementor-field  elementor-size-sm\" name=\"form_fields[field_f5dcb85]\" id=\"form-field-field_f5dcb85\" rows=\"4\" placeholder=\"Schreiben Sie uns eine Nachricht...\"><\/textarea>\t\t\t\t<\/div>\n\t\t\t\t\t\t\t\t<div class=\"elementor-field-type-recaptcha_v3 elementor-field-group elementor-column elementor-field-group-field_3b64f56 elementor-col-100 recaptcha_v3-bottomright\">\n\t\t\t\t\t<div class=\"elementor-field\" id=\"form-field-field_3b64f56\"><div class=\"elementor-g-recaptcha\" data-sitekey=\"6LcmfIkqAAAAAOmFCpnBM1fCSMURnRm3-W-ADBMX\" data-type=\"v3\" data-action=\"Form\" data-badge=\"bottomright\" data-size=\"invisible\"><\/div><\/div>\t\t\t\t<\/div>\n\t\t\t\t\t\t\t\t<div class=\"elementor-field-group elementor-column elementor-field-type-submit elementor-col-33 e-form__buttons\">\n\t\t\t\t\t<button class=\"elementor-button elementor-size-sm\" type=\"submit\">\n\t\t\t\t\t\t<span class=\"elementor-button-content-wrapper\">\n\t\t\t\t\t\t\t\t\t\t\t\t\t\t\t\t\t\t\t\t\t\t<span class=\"elementor-button-text\">Senden Sie<\/span>\n\t\t\t\t\t\t\t\t\t\t\t\t\t<\/span>\n\t\t\t\t\t<\/button>\n\t\t\t\t<\/div>\n\t\t\t<\/div>\n\t\t<input\n                    class=\"apbct_special_field apbct_email_id__elementor_form\"\n                    name=\"apbct__email_id__elementor_form\"\n                    aria-label=\"apbct__label_id__elementor_form\"\n                    type=\"text\" size=\"30\" maxlength=\"200\" autocomplete=\"off\"\n                    value=\"\"\n                \/><\/form>\n\t\t\t\t\t\t<\/div>\n\t\t\t\t<\/div>\n\t\t\t\t<\/div>\n\t\t\t\t\t<\/div>\n\t\t\t\t<\/div>\n\t\t<div class=\"elementor-element elementor-element-5a1a60b e-con-full e-flex e-con e-parent\" data-id=\"5a1a60b\" data-element_type=\"container\" data-e-type=\"container\" data-settings=\"{&quot;shape_divider_top&quot;:&quot;tilt&quot;,&quot;shape_divider_bottom&quot;:&quot;tilt&quot;}\">\n\t\t\t\t<div class=\"elementor-shape elementor-shape-top\" aria-hidden=\"true\" data-negative=\"false\">\n\t\t\t<svg xmlns=\"http:\/\/www.w3.org\/2000\/svg\" viewBox=\"0 0 1000 100\" preserveAspectRatio=\"none\">\n\t<path class=\"elementor-shape-fill\" d=\"M0,6V0h1000v100L0,6z\"\/>\n<\/svg>\t\t<\/div>\n\t\t\t\t<div class=\"elementor-shape elementor-shape-bottom\" aria-hidden=\"true\" data-negative=\"false\">\n\t\t\t<svg xmlns=\"http:\/\/www.w3.org\/2000\/svg\" viewBox=\"0 0 1000 100\" preserveAspectRatio=\"none\">\n\t<path class=\"elementor-shape-fill\" d=\"M0,6V0h1000v100L0,6z\"\/>\n<\/svg>\t\t<\/div>\n\t\t\t\t<div class=\"elementor-element elementor-element-0d92154 elementor-widget elementor-widget-google_maps\" data-id=\"0d92154\" data-element_type=\"widget\" data-e-type=\"widget\" data-widget_type=\"google_maps.default\">\n\t\t\t\t<div class=\"elementor-widget-container\">\n\t\t\t\t\t\t\t<div class=\"elementor-custom-embed\">\n\t\t\t<iframe loading=\"lazy\"\n\t\t\t\t\tsrc=\"https:\/\/maps.google.com\/maps?q=Rue%20du%20Canal%2016%2C%201347%20Sentier%2C%20Switzerland%2C%20BG%20Concept%20Sarl&#038;t=m&#038;z=16&#038;output=embed&#038;iwloc=near\"\n\t\t\t\t\ttitle=\"Rue du Canal 16, 1347 Sentier, Switzerland, BG Concept Sarl\"\n\t\t\t\t\taria-label=\"Rue du Canal 16, 1347 Sentier, Switzerland, BG Concept Sarl\"\n\t\t\t><\/iframe>\n\t\t<\/div>\n\t\t\t\t\t\t<\/div>\n\t\t\t\t<\/div>\n\t\t\t\t<\/div>\n\t\t\t\t<\/div>\n\t\t","protected":false},"excerpt":{"rendered":"<p>W\u00fcnschen Sie weitere Informationen? Z\u00f6gern Sie nicht, uns zu kontaktieren, wir beraten Sie gerne. +41 (0)79 749 71 45 +41 (0)79 332 21 06 in**@*******pt.ch Route du Canal 16 1347 Le Sentier LinkedIn<\/p>\n","protected":false},"author":4,"featured_media":0,"parent":0,"menu_order":0,"comment_status":"closed","ping_status":"closed","template":"","meta":{"footnotes":""},"class_list":["post-30190","page","type-page","status-publish","hentry"],"yoast_head":"<!-- This site is optimized with the Yoast SEO plugin v27.5 - https:\/\/yoast.com\/product\/yoast-seo-wordpress\/ -->\n<title>Kontakt | BG Concept S\u00e0rl<\/title>\n<meta name=\"description\" content=\"F\u00fcr Fragen und Informationen wenden Sie sich bitte an BG Concept S\u00e0rl. Wir freuen uns darauf, Sie \u00fcber unsere Dienstleistungen zu beraten.\" \/>\n<meta name=\"robots\" content=\"index, follow, max-snippet:-1, max-image-preview:large, max-video-preview:-1\" \/>\n<link rel=\"canonical\" href=\"https:\/\/bgconcept.ch\/de\/kontakt\/\" \/>\n<meta property=\"og:locale\" content=\"de_DE\" \/>\n<meta property=\"og:type\" content=\"article\" \/>\n<meta property=\"og:title\" content=\"Kontakt | BG Concept S\u00e0rl\" \/>\n<meta property=\"og:description\" content=\"F\u00fcr Fragen und Informationen wenden Sie sich bitte an BG Concept S\u00e0rl. Wir freuen uns darauf, Sie \u00fcber unsere Dienstleistungen zu beraten.\" \/>\n<meta property=\"og:url\" content=\"https:\/\/bgconcept.ch\/de\/kontakt\/\" \/>\n<meta property=\"og:site_name\" content=\"BG Concept S\u00e0rl\" \/>\n<meta property=\"article:modified_time\" content=\"2024-12-05T11:32:42+00:00\" \/>\n<meta name=\"twitter:card\" content=\"summary_large_image\" \/>\n<script type=\"application\/ld+json\" class=\"yoast-schema-graph\">{\"@context\":\"https:\\\/\\\/schema.org\",\"@graph\":[{\"@type\":\"WebPage\",\"@id\":\"https:\\\/\\\/bgconcept.ch\\\/de\\\/kontakt\\\/\",\"url\":\"https:\\\/\\\/bgconcept.ch\\\/de\\\/kontakt\\\/\",\"name\":\"Kontakt | BG Concept S\u00e0rl\",\"isPartOf\":{\"@id\":\"https:\\\/\\\/bgconcept.ch\\\/de\\\/#website\"},\"datePublished\":\"2024-09-15T10:11:11+00:00\",\"dateModified\":\"2024-12-05T11:32:42+00:00\",\"description\":\"F\u00fcr Fragen und Informationen wenden Sie sich bitte an BG Concept S\u00e0rl. Wir freuen uns darauf, Sie \u00fcber unsere Dienstleistungen zu beraten.\",\"breadcrumb\":{\"@id\":\"https:\\\/\\\/bgconcept.ch\\\/de\\\/kontakt\\\/#breadcrumb\"},\"inLanguage\":\"de\",\"potentialAction\":[{\"@type\":\"ReadAction\",\"target\":[\"https:\\\/\\\/bgconcept.ch\\\/de\\\/kontakt\\\/\"]}]},{\"@type\":\"BreadcrumbList\",\"@id\":\"https:\\\/\\\/bgconcept.ch\\\/de\\\/kontakt\\\/#breadcrumb\",\"itemListElement\":[{\"@type\":\"ListItem\",\"position\":1,\"name\":\"Home\",\"item\":\"https:\\\/\\\/bgconcept.ch\\\/de\\\/home\\\/\"},{\"@type\":\"ListItem\",\"position\":2,\"name\":\"Kontakt\"}]},{\"@type\":\"WebSite\",\"@id\":\"https:\\\/\\\/bgconcept.ch\\\/de\\\/#website\",\"url\":\"https:\\\/\\\/bgconcept.ch\\\/de\\\/\",\"name\":\"BG Concept S\u00e0rl\",\"description\":\"\",\"publisher\":{\"@id\":\"https:\\\/\\\/bgconcept.ch\\\/de\\\/#organization\"},\"potentialAction\":[{\"@type\":\"SearchAction\",\"target\":{\"@type\":\"EntryPoint\",\"urlTemplate\":\"https:\\\/\\\/bgconcept.ch\\\/de\\\/?s={search_term_string}\"},\"query-input\":{\"@type\":\"PropertyValueSpecification\",\"valueRequired\":true,\"valueName\":\"search_term_string\"}}],\"inLanguage\":\"de\"},{\"@type\":\"Organization\",\"@id\":\"https:\\\/\\\/bgconcept.ch\\\/de\\\/#organization\",\"name\":\"BG Concept S\u00e0rl\",\"url\":\"https:\\\/\\\/bgconcept.ch\\\/de\\\/\",\"logo\":{\"@type\":\"ImageObject\",\"inLanguage\":\"de\",\"@id\":\"https:\\\/\\\/bgconcept.ch\\\/de\\\/#\\\/schema\\\/logo\\\/image\\\/\",\"url\":\"https:\\\/\\\/bgconcept.ch\\\/wp-content\\\/uploads\\\/2024\\\/09\\\/BG-concept-vertical-black.png\",\"contentUrl\":\"https:\\\/\\\/bgconcept.ch\\\/wp-content\\\/uploads\\\/2024\\\/09\\\/BG-concept-vertical-black.png\",\"width\":1300,\"height\":816,\"caption\":\"BG Concept S\u00e0rl\"},\"image\":{\"@id\":\"https:\\\/\\\/bgconcept.ch\\\/de\\\/#\\\/schema\\\/logo\\\/image\\\/\"},\"sameAs\":[\"https:\\\/\\\/www.linkedin.com\\\/company\\\/bg-concept-srl\\\/\"]}]}<\/script>\n<!-- \/ Yoast SEO plugin. -->","yoast_head_json":{"title":"Kontakt | BG Concept S\u00e0rl","description":"F\u00fcr Fragen und Informationen wenden Sie sich bitte an BG Concept S\u00e0rl. Wir freuen uns darauf, Sie \u00fcber unsere Dienstleistungen zu beraten.","robots":{"index":"index","follow":"follow","max-snippet":"max-snippet:-1","max-image-preview":"max-image-preview:large","max-video-preview":"max-video-preview:-1"},"canonical":"https:\/\/bgconcept.ch\/de\/kontakt\/","og_locale":"de_DE","og_type":"article","og_title":"Kontakt | BG Concept S\u00e0rl","og_description":"F\u00fcr Fragen und Informationen wenden Sie sich bitte an BG Concept S\u00e0rl. Wir freuen uns darauf, Sie \u00fcber unsere Dienstleistungen zu beraten.","og_url":"https:\/\/bgconcept.ch\/de\/kontakt\/","og_site_name":"BG Concept S\u00e0rl","article_modified_time":"2024-12-05T11:32:42+00:00","twitter_card":"summary_large_image","schema":{"@context":"https:\/\/schema.org","@graph":[{"@type":"WebPage","@id":"https:\/\/bgconcept.ch\/de\/kontakt\/","url":"https:\/\/bgconcept.ch\/de\/kontakt\/","name":"Kontakt | BG Concept S\u00e0rl","isPartOf":{"@id":"https:\/\/bgconcept.ch\/de\/#website"},"datePublished":"2024-09-15T10:11:11+00:00","dateModified":"2024-12-05T11:32:42+00:00","description":"F\u00fcr Fragen und Informationen wenden Sie sich bitte an BG Concept S\u00e0rl. Wir freuen uns darauf, Sie \u00fcber unsere Dienstleistungen zu beraten.","breadcrumb":{"@id":"https:\/\/bgconcept.ch\/de\/kontakt\/#breadcrumb"},"inLanguage":"de","potentialAction":[{"@type":"ReadAction","target":["https:\/\/bgconcept.ch\/de\/kontakt\/"]}]},{"@type":"BreadcrumbList","@id":"https:\/\/bgconcept.ch\/de\/kontakt\/#breadcrumb","itemListElement":[{"@type":"ListItem","position":1,"name":"Home","item":"https:\/\/bgconcept.ch\/de\/home\/"},{"@type":"ListItem","position":2,"name":"Kontakt"}]},{"@type":"WebSite","@id":"https:\/\/bgconcept.ch\/de\/#website","url":"https:\/\/bgconcept.ch\/de\/","name":"BG Concept S\u00e0rl","description":"","publisher":{"@id":"https:\/\/bgconcept.ch\/de\/#organization"},"potentialAction":[{"@type":"SearchAction","target":{"@type":"EntryPoint","urlTemplate":"https:\/\/bgconcept.ch\/de\/?s={search_term_string}"},"query-input":{"@type":"PropertyValueSpecification","valueRequired":true,"valueName":"search_term_string"}}],"inLanguage":"de"},{"@type":"Organization","@id":"https:\/\/bgconcept.ch\/de\/#organization","name":"BG Concept S\u00e0rl","url":"https:\/\/bgconcept.ch\/de\/","logo":{"@type":"ImageObject","inLanguage":"de","@id":"https:\/\/bgconcept.ch\/de\/#\/schema\/logo\/image\/","url":"https:\/\/bgconcept.ch\/wp-content\/uploads\/2024\/09\/BG-concept-vertical-black.png","contentUrl":"https:\/\/bgconcept.ch\/wp-content\/uploads\/2024\/09\/BG-concept-vertical-black.png","width":1300,"height":816,"caption":"BG Concept S\u00e0rl"},"image":{"@id":"https:\/\/bgconcept.ch\/de\/#\/schema\/logo\/image\/"},"sameAs":["https:\/\/www.linkedin.com\/company\/bg-concept-srl\/"]}]}},"_links":{"self":[{"href":"https:\/\/bgconcept.ch\/de\/wp-json\/wp\/v2\/pages\/30190","targetHints":{"allow":["GET"]}}],"collection":[{"href":"https:\/\/bgconcept.ch\/de\/wp-json\/wp\/v2\/pages"}],"about":[{"href":"https:\/\/bgconcept.ch\/de\/wp-json\/wp\/v2\/types\/page"}],"author":[{"embeddable":true,"href":"https:\/\/bgconcept.ch\/de\/wp-json\/wp\/v2\/users\/4"}],"replies":[{"embeddable":true,"href":"https:\/\/bgconcept.ch\/de\/wp-json\/wp\/v2\/comments?post=30190"}],"version-history":[{"count":1,"href":"https:\/\/bgconcept.ch\/de\/wp-json\/wp\/v2\/pages\/30190\/revisions"}],"predecessor-version":[{"id":30191,"href":"https:\/\/bgconcept.ch\/de\/wp-json\/wp\/v2\/pages\/30190\/revisions\/30191"}],"wp:attachment":[{"href":"https:\/\/bgconcept.ch\/de\/wp-json\/wp\/v2\/media?parent=30190"}],"curies":[{"name":"wp","href":"https:\/\/api.w.org\/{rel}","templated":true}]}}